{"id":8364,"date":"2021-01-27T12:58:44","date_gmt":"2021-01-27T12:58:44","guid":{"rendered":"https:\/\/beta.bluetab.net\/?page_id=8364"},"modified":"2025-04-22T10:02:45","modified_gmt":"2025-04-22T10:02:45","slug":"mexico","status":"publish","type":"page","link":"https:\/\/bluetab.mx\/es\/mexico\/","title":{"rendered":"Mexico"},"content":{"rendered":"\t\t<div data-elementor-type=\"wp-page\" data-elementor-id=\"8364\" class=\"elementor elementor-8364\" data-elementor-post-type=\"page\">\n\t\t\t\t\t\t<section class=\"elementor-section elementor-top-section elementor-element elementor-element-4b6b7d9d elementor-section-stretched elementor-section-height-min-height elementor-section-boxed elementor-section-height-default elementor-section-items-middle\" data-id=\"4b6b7d9d\" data-element_type=\"section\" data-settings=\"{&quot;stretch_section&quot;:&quot;section-stretched&quot;,&quot;background_background&quot;:&quot;classic&quot;}\">\n\t\t\t\t\t\t\t<div class=\"elementor-background-overlay\"><\/div>\n\t\t\t\t\t\t\t<div class=\"elementor-container elementor-column-gap-default\">\n\t\t\t\t\t<div class=\"elementor-column elementor-col-100 elementor-top-column elementor-element elementor-element-08abec7\" data-id=\"08abec7\" data-element_type=\"column\" data-settings=\"{&quot;background_background&quot;:&quot;classic&quot;}\">\n\t\t\t<div class=\"elementor-widget-wrap elementor-element-populated\">\n\t\t\t\t\t\t<div class=\"elementor-element elementor-element-cabafe7 elementor-widget elementor-widget-text-editor\" data-id=\"cabafe7\" data-element_type=\"widget\" data-widget_type=\"text-editor.default\">\n\t\t\t\t<div class=\"elementor-widget-container\">\n\t\t\t\t\t\t\t\t\t<p>BLUETAB <strong>M\u00c9XICO<\/strong><\/p>\t\t\t\t\t\t\t\t<\/div>\n\t\t\t\t<\/div>\n\t\t\t\t<section class=\"elementor-section elementor-inner-section elementor-element elementor-element-97aca02 elementor-section-full_width elementor-section-height-default elementor-section-height-default\" data-id=\"97aca02\" data-element_type=\"section\" data-settings=\"{&quot;background_background&quot;:&quot;classic&quot;}\">\n\t\t\t\t\t\t<div class=\"elementor-container elementor-column-gap-default\">\n\t\t\t\t\t<div class=\"elementor-column elementor-col-50 elementor-inner-column elementor-element elementor-element-8ba6642\" data-id=\"8ba6642\" data-element_type=\"column\" data-settings=\"{&quot;background_background&quot;:&quot;classic&quot;}\">\n\t\t\t<div class=\"elementor-widget-wrap elementor-element-populated\">\n\t\t\t\t\t\t<div class=\"elementor-element elementor-element-5a75d48 elementor-widget elementor-widget-heading\" data-id=\"5a75d48\" data-element_type=\"widget\" data-widget_type=\"heading.default\">\n\t\t\t\t<div class=\"elementor-widget-container\">\n\t\t\t\t\t<div class=\"elementor-heading-title elementor-size-default\">\u00bfQuieres contactarnos?<\/div>\t\t\t\t<\/div>\n\t\t\t\t<\/div>\n\t\t\t\t<div class=\"elementor-element elementor-element-542c0d0 eael-contact-form-7-button-align-center eael-contact-form-7-button-custom elementor-widget elementor-widget-eael-contact-form-7\" data-id=\"542c0d0\" data-element_type=\"widget\" data-widget_type=\"eael-contact-form-7.default\">\n\t\t\t\t<div class=\"elementor-widget-container\">\n\t\t\t\t\t<div class=\"eael-contact-form-7-wrapper\">\n                <div class=\"eael-contact-form eael-contact-form-7 eael-contact-form-542c0d0 placeholder-show eael-custom-radio-checkbox eael-contact-form-align-left\">\n<div class=\"wpcf7 no-js\" id=\"wpcf7-f14509-o1\" lang=\"es-ES\" dir=\"ltr\" data-wpcf7-id=\"14509\">\n<div class=\"screen-reader-response\"><p role=\"status\" aria-live=\"polite\" aria-atomic=\"true\"><\/p> <ul><\/ul><\/div>\n<form action=\"\/es\/wp-json\/wp\/v2\/pages\/8364#wpcf7-f14509-o1\" method=\"post\" class=\"wpcf7-form init\" aria-label=\"Formulario de contacto\" novalidate=\"novalidate\" data-status=\"init\">\n<fieldset class=\"hidden-fields-container\"><input type=\"hidden\" name=\"_wpcf7\" value=\"14509\" \/><input type=\"hidden\" name=\"_wpcf7_version\" value=\"6.1.3\" \/><input type=\"hidden\" name=\"_wpcf7_locale\" value=\"es_ES\" \/><input type=\"hidden\" name=\"_wpcf7_unit_tag\" value=\"wpcf7-f14509-o1\" \/><input type=\"hidden\" name=\"_wpcf7_container_post\" value=\"0\" \/><input type=\"hidden\" name=\"_wpcf7_posted_data_hash\" value=\"\" \/><input type=\"hidden\" name=\"_wpcf7_recaptcha_response\" value=\"\" \/>\n<\/fieldset>\n<p><label> Tu nombre<br \/>\n<span class=\"wpcf7-form-control-wrap\" data-name=\"your-name\"><input size=\"40\" maxlength=\"400\" class=\"wpcf7-form-control wpcf7-text wpcf7-validates-as-required\" aria-required=\"true\" aria-invalid=\"false\" value=\"\" type=\"text\" name=\"your-name\" \/><\/span> <\/label>\n<\/p>\n<p><label> Tu correo electr\u00f3nico<br \/>\n<span class=\"wpcf7-form-control-wrap\" data-name=\"your-email\"><input size=\"40\" maxlength=\"400\" class=\"wpcf7-form-control wpcf7-email wpcf7-validates-as-required wpcf7-text wpcf7-validates-as-email\" aria-required=\"true\" aria-invalid=\"false\" value=\"\" type=\"email\" name=\"your-email\" \/><\/span> <\/label>\n<\/p>\n<p><label> Mensaje<br \/>\n<span class=\"wpcf7-form-control-wrap\" data-name=\"textarea-989\"><textarea cols=\"40\" rows=\"10\" maxlength=\"2000\" class=\"wpcf7-form-control wpcf7-textarea wpcf7-validates-as-required\" aria-required=\"true\" aria-invalid=\"false\" name=\"textarea-989\"><\/textarea><\/span> <\/label>\n<\/p>\n<p class=\"form-text\">Al cumplimentar el formulario das tu consentimiento para el tratamiento de los datos que nos facilitas de forma voluntaria, libre e informada con la finalidad de resolver tus consultas, as\u00ed como informarte sobre los servicios en los que hayas mostrado inter\u00e9s. No cederemos tus datos a terceros, salvo autorizaci\u00f3n expresa u obligaci\u00f3n legal. Tampoco est\u00e1n previstas transferencias internacionales a terceros pa\u00edses. Podr\u00e1s ejercer los derechos con relaci\u00f3n a tus datos o retirar el consentimiento de acuerdo a lo que se prev\u00e9 en la Pol\u00edtica de Privacidad que corresponda. Para m\u00e1s informaci\u00f3n al respecto, consultar la Pol\u00edtica de Privacidad.\n<\/p>\n<p><span class=\"wpcf7-form-control-wrap\" data-name=\"checkbox-63\"><span class=\"wpcf7-form-control wpcf7-checkbox\"><span class=\"wpcf7-list-item first last\"><label><input type=\"checkbox\" name=\"checkbox-63[]\" value=\"&nbsp;&nbsp;Acepto la\" \/><span class=\"wpcf7-list-item-label\">&nbsp;&nbsp;Acepto la<\/span><\/label><\/span><\/span><\/span><a href=\"\/privacidad\/\" target=\"_blank\">pol\u00edtica de privacidad<\/a>\n<\/p>\n<p><input class=\"wpcf7-form-control wpcf7-submit has-spinner\" type=\"submit\" value=\"Enviar\" \/>\n<\/p><div class=\"wpcf7-response-output\" aria-hidden=\"true\"><\/div>\n<\/form>\n<\/div>\n<\/div>\n            <\/div>\t\t\t\t<\/div>\n\t\t\t\t<\/div>\n\t\t\t\t\t<\/div>\n\t\t<\/div>\n\t\t\t\t<div class=\"elementor-column elementor-col-50 elementor-inner-column elementor-element elementor-element-a099fb5\" data-id=\"a099fb5\" data-element_type=\"column\">\n\t\t\t<div class=\"elementor-widget-wrap elementor-element-populated\">\n\t\t\t\t\t\t<div class=\"elementor-element elementor-element-99f80ad elementor-widget elementor-widget-google_maps\" data-id=\"99f80ad\" data-element_type=\"widget\" data-widget_type=\"google_maps.default\">\n\t\t\t\t<div class=\"elementor-widget-container\">\n\t\t\t\t\t\t\t<div class=\"elementor-custom-embed\">\n\t\t\t<iframe\n\t\t\t\t\tdata-src=\"https:\/\/maps.google.com\/maps?q=Blvd.%20Miguel%20de%20Cervantes%20Saavedra%20169%2C%20int.%2011-100%2C%20Col.%20Granada%2C%20Miguel%20Hidalgo%2C%2011520%20Ciudad%20de%20M%C3%A9xico%2C%20M%C3%A9xico&#038;t=m&#038;z=20&#038;output=embed&#038;iwloc=near\"\n\t\t\t\t\ttitle=\"Blvd. Miguel de Cervantes Saavedra 169, int. 11-100, Col. Granada, Miguel Hidalgo, 11520 Ciudad de M\u00e9xico, M\u00e9xico\"\n\t\t\t\t\taria-label=\"Blvd. Miguel de Cervantes Saavedra 169, int. 11-100, Col. Granada, Miguel Hidalgo, 11520 Ciudad de M\u00e9xico, M\u00e9xico\"\n\t\t\t src=\"data:image\/svg+xml;base64,PHN2ZyB3aWR0aD0iMSIgaGVpZ2h0PSIxIiB4bWxucz0iaHR0cDovL3d3dy53My5vcmcvMjAwMC9zdmciPjwvc3ZnPg==\" class=\"lazyload\" data-load-mode=\"1\"><\/iframe>\n\t\t<\/div>\n\t\t\t\t\t\t<\/div>\n\t\t\t\t<\/div>\n\t\t\t\t\t<\/div>\n\t\t<\/div>\n\t\t\t\t\t<\/div>\n\t\t<\/section>\n\t\t\t\t<div class=\"elementor-element elementor-element-a3a8315 elementor-hidden-phone elementor-widget elementor-widget-html\" data-id=\"a3a8315\" data-element_type=\"widget\" id=\"team\" data-widget_type=\"html.default\">\n\t\t\t\t<div class=\"elementor-widget-container\">\n\t\t\t\t\t<a href=\"#team\" class=\"mouse\"><span><\/span><\/a>\t\t\t\t<\/div>\n\t\t\t\t<\/div>\n\t\t\t\t\t<\/div>\n\t\t<\/div>\n\t\t\t\t\t<\/div>\n\t\t<\/section>\n\t\t\t\t<section class=\"elementor-section elementor-top-section elementor-element elementor-element-f8e11cd elementor-section-full_width elementor-section-stretched elementor-section-height-default elementor-section-height-default\" data-id=\"f8e11cd\" data-element_type=\"section\" data-settings=\"{&quot;stretch_section&quot;:&quot;section-stretched&quot;}\">\n\t\t\t\t\t\t<div class=\"elementor-container elementor-column-gap-default\">\n\t\t\t\t\t<div class=\"elementor-column elementor-col-100 elementor-top-column elementor-element elementor-element-bd83d1b\" data-id=\"bd83d1b\" data-element_type=\"column\">\n\t\t\t<div class=\"elementor-widget-wrap elementor-element-populated\">\n\t\t\t\t\t\t<div class=\"elementor-element elementor-element-0559368 elementor-widget elementor-widget-html\" data-id=\"0559368\" data-element_type=\"widget\" data-widget_type=\"html.default\">\n\t\t\t\t<div class=\"elementor-widget-container\">\n\t\t\t\t\t<div class=\"separador\">\n            <div class=\"textoanimado\">\n                <p>#PROUDTOBEABLUETABER \u00b7 #NONCONFORMISTSPIRIT \u00b7 #boostyourtalent \u00b7 #PROUDTOBEABLUETABER \u00b7 #NONCONFORMISTSPIRIT \u00b7 #boostyourtalent \u00b7 #PROUDTOBEABLUETABER \u00b7 #NONCONFORMISTSPIRIT \u00b7 #boostyourtalent \u00b7 #PROUDTOBEABLUETABER \u00b7 #NONCONFORMISTSPIRIT \u00b7 #boostyourtalent<\/p>\n            <\/div>\n        <\/div>\t\t\t\t<\/div>\n\t\t\t\t<\/div>\n\t\t\t\t\t<\/div>\n\t\t<\/div>\n\t\t\t\t\t<\/div>\n\t\t<\/section>\n\t\t\t\t<section class=\"elementor-section elementor-top-section elementor-element elementor-element-3a42712 elementor-section-height-min-height elementor-section-stretched diferentes elementor-section-boxed elementor-section-height-default elementor-section-items-middle\" data-id=\"3a42712\" data-element_type=\"section\" data-settings=\"{&quot;stretch_section&quot;:&quot;section-stretched&quot;,&quot;background_background&quot;:&quot;classic&quot;}\">\n\t\t\t\t\t\t<div class=\"elementor-container elementor-column-gap-default\">\n\t\t\t\t\t<div class=\"elementor-column elementor-col-100 elementor-top-column elementor-element elementor-element-081bf65\" data-id=\"081bf65\" data-element_type=\"column\">\n\t\t\t<div class=\"elementor-widget-wrap elementor-element-populated\">\n\t\t\t\t\t\t<div class=\"elementor-element elementor-element-9c41395 elementor-widget__width-initial elementor-widget elementor-widget-heading\" data-id=\"9c41395\" data-element_type=\"widget\" data-settings=\"{&quot;_animation&quot;:&quot;none&quot;}\" data-widget_type=\"heading.default\">\n\t\t\t\t<div class=\"elementor-widget-container\">\n\t\t\t\t\t<h5 class=\"elementor-heading-title elementor-size-default\">Somos diferentes<\/h5>\t\t\t\t<\/div>\n\t\t\t\t<\/div>\n\t\t\t\t<section class=\"elementor-section elementor-inner-section elementor-element elementor-element-0d80033 elementor-reverse-mobile elementor-section-boxed elementor-section-height-default elementor-section-height-default\" data-id=\"0d80033\" data-element_type=\"section\">\n\t\t\t\t\t\t<div class=\"elementor-container elementor-column-gap-default\">\n\t\t\t\t\t<div class=\"elementor-column elementor-col-50 elementor-inner-column elementor-element elementor-element-f78eb0c\" data-id=\"f78eb0c\" data-element_type=\"column\">\n\t\t\t<div class=\"elementor-widget-wrap elementor-element-populated\">\n\t\t\t\t\t\t<div class=\"elementor-element elementor-element-1bf52dc elementor-widget elementor-widget-image-box\" data-id=\"1bf52dc\" data-element_type=\"widget\" data-widget_type=\"image-box.default\">\n\t\t\t\t<div class=\"elementor-widget-container\">\n\t\t\t\t\t<div class=\"elementor-image-box-wrapper\"><div class=\"elementor-image-box-content\"><h6 class=\"elementor-image-box-title\">RIGHT FIRST TIME<\/h6><p class=\"elementor-image-box-description\">Valoramos el trabajo bien hecho a la primera. No nos gustan los atajos, no nos gustan las chapuzas. Lo mal hecho sale caro.<\/p><\/div><\/div>\t\t\t\t<\/div>\n\t\t\t\t<\/div>\n\t\t\t\t<div class=\"elementor-element elementor-element-852b22d elementor-widget elementor-widget-image-box\" data-id=\"852b22d\" data-element_type=\"widget\" data-widget_type=\"image-box.default\">\n\t\t\t\t<div class=\"elementor-widget-container\">\n\t\t\t\t\t<div class=\"elementor-image-box-wrapper\"><div class=\"elementor-image-box-content\"><h6 class=\"elementor-image-box-title\">ENTREGAMOS<\/h6><p class=\"elementor-image-box-description\">Integraci\u00f3n continua, entrega continua, despliegue continuo. No hay opci\u00f3n, esto no se negocia.\n<\/p><\/div><\/div>\t\t\t\t<\/div>\n\t\t\t\t<\/div>\n\t\t\t\t<div class=\"elementor-element elementor-element-0bb0192 elementor-widget elementor-widget-image-box\" data-id=\"0bb0192\" data-element_type=\"widget\" data-widget_type=\"image-box.default\">\n\t\t\t\t<div class=\"elementor-widget-container\">\n\t\t\t\t\t<div class=\"elementor-image-box-wrapper\"><div class=\"elementor-image-box-content\"><h6 class=\"elementor-image-box-title\">EQUIPOS PEQUE\u00d1OS DE GENTE EXPERIMENTADA.<\/h6><p class=\"elementor-image-box-description\">Los problemas complejos los abordamos con equipos expertos de gente experimentada que se enfrentan a los retos desde el principio.\n<\/p><\/div><\/div>\t\t\t\t<\/div>\n\t\t\t\t<\/div>\n\t\t\t\t\t<\/div>\n\t\t<\/div>\n\t\t\t\t<div class=\"elementor-column elementor-col-50 elementor-inner-column elementor-element elementor-element-ebde02c\" data-id=\"ebde02c\" data-element_type=\"column\">\n\t\t\t<div class=\"elementor-widget-wrap elementor-element-populated\">\n\t\t\t\t\t\t<div class=\"elementor-element elementor-element-0ca937d elementor-widget__width-initial elementor-widget elementor-widget-video\" data-id=\"0ca937d\" data-element_type=\"widget\" data-settings=\"{&quot;youtube_url&quot;:&quot;https:\\\/\\\/www.youtube.com\\\/watch?v=i6mm0IOWqJM&quot;,&quot;autoplay&quot;:&quot;yes&quot;,&quot;play_on_mobile&quot;:&quot;yes&quot;,&quot;loop&quot;:&quot;yes&quot;,&quot;mute&quot;:&quot;yes&quot;,&quot;video_type&quot;:&quot;youtube&quot;}\" data-widget_type=\"video.default\">\n\t\t\t\t<div class=\"elementor-widget-container\">\n\t\t\t\t\t\t\t<div class=\"elementor-wrapper elementor-open-inline\">\n\t\t\t<div class=\"elementor-video\"><\/div>\t\t<\/div>\n\t\t\t\t\t\t<\/div>\n\t\t\t\t<\/div>\n\t\t\t\t\t<\/div>\n\t\t<\/div>\n\t\t\t\t\t<\/div>\n\t\t<\/section>\n\t\t\t\t\t<\/div>\n\t\t<\/div>\n\t\t\t\t\t<\/div>\n\t\t<\/section>\n\t\t\t\t<\/div>\n\t\t","protected":false},"excerpt":{"rendered":"<p>BLUETAB M\u00c9XICO \u00bfQuieres contactarnos? Tu nombre Tu correo electr\u00f3nico Mensaje Al cumplimentar el formulario das tu consentimiento para el tratamiento de los datos que nos facilitas de forma voluntaria, libre e informada con la finalidad de resolver tus consultas, as\u00ed como informarte sobre los servicios en los que hayas mostrado inter\u00e9s. No cederemos tus datos [&hellip;]<\/p>\n","protected":false},"author":1,"featured_media":0,"parent":0,"menu_order":0,"comment_status":"closed","ping_status":"closed","template":"elementor_header_footer","meta":{"inline_featured_image":false,"_uag_custom_page_level_css":"","_genesis_hide_title":false,"_genesis_hide_breadcrumbs":false,"_genesis_hide_singular_image":false,"_genesis_hide_footer_widgets":false,"_genesis_custom_body_class":"","_genesis_custom_post_class":"","_genesis_layout":"","footnotes":""},"class_list":{"0":"post-8364","1":"page","2":"type-page","3":"status-publish","5":"entry"},"uagb_featured_image_src":{"full":false,"thumbnail":false,"medium":false,"medium_large":false,"large":false,"1536x1536":false,"2048x2048":false,"sidebar-featured":false,"genesis-singular-images":false},"uagb_author_info":{"display_name":"Bluetab","author_link":"https:\/\/bluetab.mx\/es\/author\/user\/"},"uagb_comment_info":0,"uagb_excerpt":"BLUETAB M\u00c9XICO \u00bfQuieres contactarnos? Tu nombre Tu correo electr\u00f3nico Mensaje Al cumplimentar el formulario das tu consentimiento para el tratamiento de los datos que nos facilitas de forma voluntaria, libre e informada con la finalidad de resolver tus consultas, as\u00ed como informarte sobre los servicios en los que hayas mostrado inter\u00e9s. No cederemos tus datos&hellip;","_links":{"self":[{"href":"https:\/\/bluetab.mx\/es\/wp-json\/wp\/v2\/pages\/8364","targetHints":{"allow":["GET"]}}],"collection":[{"href":"https:\/\/bluetab.mx\/es\/wp-json\/wp\/v2\/pages"}],"about":[{"href":"https:\/\/bluetab.mx\/es\/wp-json\/wp\/v2\/types\/page"}],"author":[{"embeddable":true,"href":"https:\/\/bluetab.mx\/es\/wp-json\/wp\/v2\/users\/1"}],"replies":[{"embeddable":true,"href":"https:\/\/bluetab.mx\/es\/wp-json\/wp\/v2\/comments?post=8364"}],"version-history":[{"count":64,"href":"https:\/\/bluetab.mx\/es\/wp-json\/wp\/v2\/pages\/8364\/revisions"}],"predecessor-version":[{"id":20364,"href":"https:\/\/bluetab.mx\/es\/wp-json\/wp\/v2\/pages\/8364\/revisions\/20364"}],"wp:attachment":[{"href":"https:\/\/bluetab.mx\/es\/wp-json\/wp\/v2\/media?parent=8364"}],"curies":[{"name":"wp","href":"https:\/\/api.w.org\/{rel}","templated":true}]}}